{"id":1816,"date":"2021-04-29T13:18:28","date_gmt":"2021-04-29T13:18:28","guid":{"rendered":"https:\/\/thalassa.qodeinteractive.com\/?page_id=1816"},"modified":"2025-06-13T10:00:45","modified_gmt":"2025-06-13T10:00:45","slug":"booking-page","status":"publish","type":"page","link":"https:\/\/www.hilmi.com.tr\/?page_id=1816","title":{"rendered":""},"content":{"rendered":"\t\t<div data-elementor-type=\"wp-page\" data-elementor-id=\"1816\" class=\"elementor elementor-1816\">\n\t\t\t\t\t\t<section class=\"elementor-section elementor-top-section elementor-element elementor-element-5950be1 elementor-section-full_width qodef-elementor-content-grid elementor-section-height-default elementor-section-height-default\" data-id=\"5950be1\" data-element_type=\"section\">\n\t\t\t\t\t\t<div class=\"elementor-container elementor-column-gap-default\">\n\t\t\t\t\t<div class=\"elementor-column elementor-col-100 elementor-top-column elementor-element elementor-element-d731ffa\" data-id=\"d731ffa\" data-element_type=\"column\">\n\t\t\t<div class=\"elementor-widget-wrap elementor-element-populated\">\n\t\t\t\t\t\t<section class=\"elementor-section elementor-inner-section elementor-element elementor-element-553dc56 elementor-section-full_width qodef-elementor-content-grid elementor-section-height-default elementor-section-height-default\" data-id=\"553dc56\" data-element_type=\"section\">\n\t\t\t\t\t\t<div class=\"elementor-container elementor-column-gap-default\">\n\t\t\t\t\t<div class=\"elementor-column elementor-col-100 elementor-inner-column elementor-element elementor-element-c08df94\" data-id=\"c08df94\" data-element_type=\"column\">\n\t\t\t<div class=\"elementor-widget-wrap elementor-element-populated\">\n\t\t\t\t\t\t<div class=\"elementor-element elementor-element-3622597 elementor-widget elementor-widget-thalassa_core_section_title\" data-id=\"3622597\" data-element_type=\"widget\" data-widget_type=\"thalassa_core_section_title.default\">\n\t\t\t\t<div class=\"elementor-widget-container\">\n\t\t\t\t\t<div class=\"qodef-shortcode qodef-m  qodef-section-title qodef-alignment--center \">\n\t\t<h2 class=\"qodef-m-title\" >\n\t\t\t\t\tREZERVASYON\t\t\t<\/h2>\n\t\t<span class=\"qodef-m-text\" style=\"margin-top: 0px\">\n\t\tHilmi lezzetleriyle bulu\u015fmak i\u00e7in; rezervasyon tarihinizi se\u00e7iniz.\t<\/span>\n<\/div>\n\t\t\t\t<\/div>\n\t\t\t\t<\/div>\n\t\t\t\t<div class=\"elementor-element elementor-element-72197fc elementor-widget elementor-widget-thalassa_core_reservation_form\" data-id=\"72197fc\" data-element_type=\"widget\" data-widget_type=\"thalassa_core_reservation_form.default\">\n\t\t\t\t<div class=\"elementor-widget-container\">\n\t\t\t\t\t<div class=\"qodef-shortcode qodef-m  qodef-reservation-form qodef-layout--default\">\n\t\t\t<form class=\"qodef-m-inner\" target=\"_blank\" action=\"https:\/\/www.opentable.com\/restref\/client\/\">\n\t\t\t<input type=\"hidden\" name=\"rid\" class=\"rid\" value=\"1\">\n\t\t\t<input type=\"hidden\" name=\"restref\" class=\"restref\" value=\"1\">\n\n\t\t\t<div class=\"qodef-m-field qodef-m-field-people\">\n\t\t\t\t<div class=\"qodef-m-field-inner\">\n\t\t\t\t\t<select name=\"partysize\" class=\"qodef-m-people\">\n\t\t\t\t\t\t<option value=\"1\">1 Person<\/option>\n\t\t\t\t\t\t<option value=\"2\">2 People<\/option>\n\t\t\t\t\t\t<option value=\"3\">3 People<\/option>\n\t\t\t\t\t\t<option value=\"4\">4 People<\/option>\n\t\t\t\t\t\t<option value=\"5\">5 People<\/option>\n\t\t\t\t\t\t<option value=\"6\">6 People<\/option>\n\t\t\t\t\t\t<option value=\"7\">7 People<\/option>\n\t\t\t\t\t\t<option value=\"8\">8 People<\/option>\n\t\t\t\t\t\t<option value=\"9\">9 People<\/option>\n\t\t\t\t\t\t<option value=\"10\">10 People<\/option>\n\t\t\t\t\t<\/select>\n\t\t\t\t<\/div>\n\t\t\t<\/div>\n\n\t\t\t<div class=\"qodef-m-field qodef-m-field-date\">\n\t\t\t\t<div class=\"qodef-m-field-inner\">\n\t\t\t\t\t<input type=\"text\" value=\"05\/15\/2026\" class=\"qodef-m-date\" name=\"date\">\n\t\t\t\t\t<span class=\"qodef-icon-ionicons ion-ios-arrow-down qodef-m-icon-arrow\" ><\/span>\t\t\t\t<\/div>\n\t\t\t<\/div>\n\n\t\t\t<div class=\"qodef-m-field qodef-m-field-time\">\n\t\t\t\t<div class=\"qodef-m-field-inner\">\n\t\t\t\t\t<select name=\"time\" class=\"qodef-m-time\">\n\t\t\t\t\t\t<option value=\"00:30\">00:30 am<\/option>\n\t\t\t\t\t\t<option value=\"01:00\">01:00 am<\/option>\n\t\t\t\t\t\t<option value=\"01:30\">01:30 am<\/option>\n\t\t\t\t\t\t<option value=\"02:00\">02:00 am<\/option>\n\t\t\t\t\t\t<option value=\"02:30\">02:30 am<\/option>\n\t\t\t\t\t\t<option value=\"03:00\">03:00 am<\/option>\n\t\t\t\t\t\t<option value=\"03:30\">03:30 am<\/option>\n\t\t\t\t\t\t<option value=\"04:00\">04:00 am<\/option>\n\t\t\t\t\t\t<option value=\"04:30\">04:30 am<\/option>\n\t\t\t\t\t\t<option value=\"05:00\">05:00 am<\/option>\n\t\t\t\t\t\t<option value=\"05:30\">05:30 am<\/option>\n\t\t\t\t\t\t<option value=\"06:00\">06:00 am<\/option>\n\t\t\t\t\t\t<option value=\"06:30\">06:30 am<\/option>\n\t\t\t\t\t\t<option value=\"07:00\">07:00 am<\/option>\n\t\t\t\t\t\t<option value=\"07:30\">07:30 am<\/option>\n\t\t\t\t\t\t<option value=\"08:00\">08:00 am<\/option>\n\t\t\t\t\t\t<option value=\"08:30\">08:30 am<\/option>\n\t\t\t\t\t\t<option value=\"09:00\">09:00 am<\/option>\n\t\t\t\t\t\t<option value=\"09:30\">09:30 am<\/option>\n\t\t\t\t\t\t<option value=\"10:00\">10:00 am<\/option>\n\t\t\t\t\t\t<option value=\"10:30\">10:30 am<\/option>\n\t\t\t\t\t\t<option value=\"11:00\" selected>11:00 am<\/option>\n\t\t\t\t\t\t<option value=\"11:30\">11:30 am<\/option>\n\t\t\t\t\t\t<option value=\"12:00\">12:00 pm<\/option>\n\t\t\t\t\t\t<option value=\"12:30\">12:30 pm<\/option>\n\t\t\t\t\t\t<option value=\"13:00\">01:00 pm<\/option>\n\t\t\t\t\t\t<option value=\"13:30\">01:30 pm<\/option>\n\t\t\t\t\t\t<option value=\"14:00\">02:00 pm<\/option>\n\t\t\t\t\t\t<option value=\"14:30\">02:30 pm<\/option>\n\t\t\t\t\t\t<option value=\"15:00\">03:00 pm<\/option>\n\t\t\t\t\t\t<option value=\"15:30\">03:30 pm<\/option>\n\t\t\t\t\t\t<option value=\"16:00\">04:00 pm<\/option>\n\t\t\t\t\t\t<option value=\"16:30\">04:30 pm<\/option>\n\t\t\t\t\t\t<option value=\"17:00\">05:00 pm<\/option>\n\t\t\t\t\t\t<option value=\"17:30\">05:30 pm<\/option>\n\t\t\t\t\t\t<option value=\"18:00\">06:00 pm<\/option>\n\t\t\t\t\t\t<option value=\"18:30\">06:30 pm<\/option>\n\t\t\t\t\t\t<option value=\"19:00\">07:00 pm<\/option>\n\t\t\t\t\t\t<option value=\"19:30\">07:30 pm<\/option>\n\t\t\t\t\t\t<option value=\"20:00\">08:00 pm<\/option>\n\t\t\t\t\t\t<option value=\"20:30\">08:30 pm<\/option>\n\t\t\t\t\t\t<option value=\"21:00\">09:00 pm<\/option>\n\t\t\t\t\t\t<option value=\"21:30\">09:30 pm<\/option>\n\t\t\t\t\t\t<option value=\"22:00\">10:00 pm<\/option>\n\t\t\t\t\t\t<option value=\"22:30\">10:30 pm<\/option>\n\t\t\t\t\t\t<option value=\"23:00\">11:00 pm<\/option>\n\t\t\t\t\t\t<option value=\"23:30\">11:30 pm<\/option>\n\t\t\t\t\t\t<option value=\"24:00\">12:00 pm<\/option>\n\t\t\t\t\t<\/select>\n\t\t\t\t<\/div>\n\t\t\t<\/div>\n\n\t\t\t<div class=\"qodef-m-control\">\n\n\t\t\t\t<p class=\"qodef-m-copyright\">Powered by OpenTable<\/p>\n\n\t\t\t\t<div class=\"qodef-m-field-book\">\n\t\t\t\t\t<button type=\"submit\" class=\"qodef-shortcode qodef-m  qodef-button qodef-layout--filled  \"  >\t<span class=\"qodef-btn-text\">REZERVASYON<\/span>    <span class=\"qodef-m-canvas\" ><\/span><\/button>\t\t\t\t<\/div>\n\n\t\t\t<\/div>\n\n\t\t\t<input type=\"hidden\" name=\"datetime\" class=\"datetime\" value=\"\" \/>\n\t\t<\/form>\n\t<\/div>\n\t\t\t\t<\/div>\n\t\t\t\t<\/div>\n\t\t\t\t\t<\/div>\n\t\t<\/div>\n\t\t\t\t\t<\/div>\n\t\t<\/section>\n\t\t\t\t\t<\/div>\n\t\t<\/div>\n\t\t\t\t\t<\/div>\n\t\t<\/section>\n\t\t\t\t<section class=\"elementor-section elementor-top-section elementor-element elementor-element-7fa20f3 elementor-section-full_width qodef-elementor-content-grid elementor-section-height-default elementor-section-height-default\" data-id=\"7fa20f3\" data-element_type=\"section\" data-settings=\"{&quot;background_background&quot;:&quot;gradient&quot;}\">\n\t\t\t\t\t\t<div class=\"elementor-container elementor-column-gap-default\">\n\t\t\t\t\t<div class=\"elementor-column elementor-col-100 elementor-top-column elementor-element elementor-element-0da1ddc\" data-id=\"0da1ddc\" data-element_type=\"column\" data-settings=\"{&quot;background_background&quot;:&quot;gradient&quot;}\">\n\t\t\t<div class=\"elementor-widget-wrap elementor-element-populated\">\n\t\t\t\t\t\t<div class=\"elementor-element elementor-element-9fcb0bd elementor-widget__width-initial elementor-widget elementor-widget-text-editor\" data-id=\"9fcb0bd\" data-element_type=\"widget\" data-widget_type=\"text-editor.default\">\n\t\t\t\t<div class=\"elementor-widget-container\">\n\t\t\t\t\t\t\t\t\t<h3><strong data-start=\"120\" data-end=\"166\">Hilmi\u2019de her lezzet, denizin ruhunu ta\u015f\u0131r.<\/strong><br data-start=\"166\" data-end=\"169\" \/>Yerel malzemelerle, kendine has re\u00e7eteleriyle, usta dokunu\u015flarla haz\u0131rlanan \u00f6zel tarifler\u2026<br data-start=\"259\" data-end=\"262\" \/><em data-start=\"262\" data-end=\"298\">Siz de masan\u0131zda yerinizi ay\u0131rt\u0131n.<\/em><\/h3>\t\t\t\t\t\t\t\t<\/div>\n\t\t\t\t<\/div>\n\t\t\t\t\t<\/div>\n\t\t<\/div>\n\t\t\t\t\t<\/div>\n\t\t<\/section>\n\t\t<div class=\"elementor-element elementor-element-0d5475a e-flex e-con-boxed e-con e-parent\" data-id=\"0d5475a\" data-element_type=\"container\">\n\t\t\t\t\t<div class=\"e-con-inner\">\n\t\t\t\t<div class=\"elementor-element elementor-element-6eecb9c elementor-widget elementor-widget-image\" data-id=\"6eecb9c\" data-element_type=\"widget\" data-widget_type=\"image.default\">\n\t\t\t\t<div class=\"elementor-widget-container\">\n\t\t\t\t\t\t\t\t\t\t\t\t\t\t\t<img fetchpriority=\"high\" decoding=\"async\" width=\"1024\" height=\"389\" src=\"https:\/\/www.hilmi.com.tr\/wp-content\/uploads\/2025\/06\/hilmi2-kopya-1024x389.webp\" class=\"attachment-large size-large wp-image-9415\" alt=\"\" srcset=\"https:\/\/www.hilmi.com.tr\/wp-content\/uploads\/2025\/06\/hilmi2-kopya-1024x389.webp 1024w, https:\/\/www.hilmi.com.tr\/wp-content\/uploads\/2025\/06\/hilmi2-kopya-300x114.webp 300w, https:\/\/www.hilmi.com.tr\/wp-content\/uploads\/2025\/06\/hilmi2-kopya-768x292.webp 768w, https:\/\/www.hilmi.com.tr\/wp-content\/uploads\/2025\/06\/hilmi2-kopya-1536x584.webp 1536w, https:\/\/www.hilmi.com.tr\/wp-content\/uploads\/2025\/06\/hilmi2-kopya-2048x779.webp 2048w, https:\/\/www.hilmi.com.tr\/wp-content\/uploads\/2025\/06\/hilmi2-kopya-600x228.webp 600w\" sizes=\"(max-width: 1024px) 100vw, 1024px\" \/>\t\t\t\t\t\t\t\t\t\t\t\t\t\t\t<\/div>\n\t\t\t\t<\/div>\n\t\t\t\t\t<\/div>\n\t\t\t\t<\/div>\n\t\t\t\t<\/div>\n\t\t","protected":false},"excerpt":{"rendered":"<p>REZERVASYON Hilmi lezzetleriyle bulu\u015fmak i\u00e7in; rezervasyon tarihinizi se\u00e7iniz. 1 Person2 People3 People4 People5 People6 People7 People8 People9 People10 People 00:30 am01:00 am01:30 am02:00 am02:30 am03:00 am03:30 am04:00 am04:30 am05:00 am05:30 am06:00 am06:30 am07:00 am07:30 am08:00 am08:30 am09:00 am09:30 am10:00 am10:30 am11:00 am11:30 am12:00 pm12:30 pm01:00 pm01:30 pm02:00 pm02:30 pm03:00 pm03:30 pm04:00 pm04:30 pm05:00 pm05:30 pm06:00 [&hellip;]<\/p>\n","protected":false},"author":1,"featured_media":0,"parent":0,"menu_order":0,"comment_status":"closed","ping_status":"closed","template":"page-full-width.php","meta":{"footnotes":""},"class_list":["post-1816","page","type-page","status-publish","hentry"],"_links":{"self":[{"href":"https:\/\/www.hilmi.com.tr\/index.php?rest_route=\/wp\/v2\/pages\/1816","targetHints":{"allow":["GET"]}}],"collection":[{"href":"https:\/\/www.hilmi.com.tr\/index.php?rest_route=\/wp\/v2\/pages"}],"about":[{"href":"https:\/\/www.hilmi.com.tr\/index.php?rest_route=\/wp\/v2\/types\/page"}],"author":[{"embeddable":true,"href":"https:\/\/www.hilmi.com.tr\/index.php?rest_route=\/wp\/v2\/users\/1"}],"replies":[{"embeddable":true,"href":"https:\/\/www.hilmi.com.tr\/index.php?rest_route=%2Fwp%2Fv2%2Fcomments&post=1816"}],"version-history":[{"count":27,"href":"https:\/\/www.hilmi.com.tr\/index.php?rest_route=\/wp\/v2\/pages\/1816\/revisions"}],"predecessor-version":[{"id":9431,"href":"https:\/\/www.hilmi.com.tr\/index.php?rest_route=\/wp\/v2\/pages\/1816\/revisions\/9431"}],"wp:attachment":[{"href":"https:\/\/www.hilmi.com.tr\/index.php?rest_route=%2Fwp%2Fv2%2Fmedia&parent=1816"}],"curies":[{"name":"wp","href":"https:\/\/api.w.org\/{rel}","templated":true}]}}