{"id":2128,"date":"2021-05-05T07:55:51","date_gmt":"2021-05-05T07:55:51","guid":{"rendered":"https:\/\/thalassa.qodeinteractive.com\/?page_id=2128"},"modified":"2025-06-13T10:03:15","modified_gmt":"2025-06-13T10:03:15","slug":"our-menu","status":"publish","type":"page","link":"https:\/\/www.hilmi.com.tr\/?page_id=2128","title":{"rendered":"Menu"},"content":{"rendered":"\t\t<div data-elementor-type=\"wp-page\" data-elementor-id=\"2128\" class=\"elementor elementor-2128\">\n\t\t\t\t\t\t<section class=\"elementor-section elementor-top-section elementor-element elementor-element-13c3667 elementor-section-full_width qodef-elementor-content-grid elementor-section-height-default elementor-section-height-default\" data-id=\"13c3667\" data-element_type=\"section\" data-settings=\"{&quot;background_background&quot;:&quot;classic&quot;}\">\n\t\t\t\t\t\t<div class=\"elementor-container elementor-column-gap-default\">\n\t\t\t\t\t<div class=\"elementor-column elementor-col-100 elementor-top-column elementor-element elementor-element-41b9c06\" data-id=\"41b9c06\" data-element_type=\"column\">\n\t\t\t<div class=\"elementor-widget-wrap elementor-element-populated\">\n\t\t\t\t\t\t<div class=\"elementor-element elementor-element-d7ef250 elementor-widget elementor-widget-thalassa_core_section_title\" data-id=\"d7ef250\" data-element_type=\"widget\" data-widget_type=\"thalassa_core_section_title.default\">\n\t\t\t\t<div class=\"elementor-widget-container\">\n\t\t\t\t\t<div class=\"qodef-shortcode qodef-m  qodef-section-title qodef-alignment--center \">\n\t\t<h2 class=\"qodef-m-title\" >\n\t\t\t\t\tHilmi Klasikleri\t\t\t<\/h2>\n\t\t<span class=\"qodef-m-text\" style=\"margin-top: 0px\">\n\t\tSizin vazge\u00e7ilmeziniz hangileri?\t<\/span>\n<\/div>\n\t\t\t\t<\/div>\n\t\t\t\t<\/div>\n\t\t\t\t<section class=\"elementor-section elementor-inner-section elementor-element elementor-element-632043e elementor-section-full_width elementor-section-height-default elementor-section-height-default qodef-elementor-content-no\" data-id=\"632043e\" data-element_type=\"section\">\n\t\t\t\t\t\t<div class=\"elementor-container elementor-column-gap-default\">\n\t\t\t\t\t<div class=\"elementor-column elementor-col-50 elementor-inner-column elementor-element elementor-element-c3e494e\" data-id=\"c3e494e\" data-element_type=\"column\">\n\t\t\t<div class=\"elementor-widget-wrap elementor-element-populated\">\n\t\t\t\t\t\t<div class=\"elementor-element elementor-element-75d685a elementor-widget elementor-widget-thalassa_core_restaurant_menu_list\" data-id=\"75d685a\" data-element_type=\"widget\" data-widget_type=\"thalassa_core_restaurant_menu_list.default\">\n\t\t\t\t<div class=\"elementor-widget-container\">\n\t\t\t\t\t<div class=\"qodef-shortcode qodef-m  qodef-restaurant-menu-list qodef-grid qodef-layout--columns  qodef-gutter--normal qodef-col-num--1 qodef-item-layout--info-standard qodef-responsive--predefined\">\n\t<div class=\"qodef-grid-inner clear\">\n\t\t<div class=\"qodef-e qodef-grid-item \">\n\t<div class=\"qodef-e-inner\">\n\t\t<div class=\"qodef-e-heading\">\n\t\t\t<h3 class=\"qodef-e-heading-title\">\n\t\t\t\tBiber Tarator\t\t\t<\/h3>\n\t\t\t<div class=\"qodef-e-heading-line\"><\/div>\n\t\t\t\t\t\t\t<h3 class=\"qodef-e-heading-price\">290 TL<\/h3>\n\t\t\t\t\t<\/div>\n\n\t\t\t\t\t<p class=\"qodef-e-description\">\n\t\t\t\tChili peppers with tomato sauce\t\t\t<\/p>\n\t\t\t<\/div>\n<\/div>\n<div class=\"qodef-e qodef-grid-item \">\n\t<div class=\"qodef-e-inner\">\n\t\t<div class=\"qodef-e-heading\">\n\t\t\t<h3 class=\"qodef-e-heading-title\">\n\t\t\t\tAc\u0131l\u0131 Antep Ezme\t\t\t<\/h3>\n\t\t\t<div class=\"qodef-e-heading-line\"><\/div>\n\t\t\t\t\t\t\t<h3 class=\"qodef-e-heading-price\">280 TL<\/h3>\n\t\t\t\t\t<\/div>\n\n\t\t\t\t\t<p class=\"qodef-e-description\">\n\t\t\t\tSpicy salad \t\t\t<\/p>\n\t\t\t<\/div>\n<\/div>\n<div class=\"qodef-e qodef-grid-item \">\n\t<div class=\"qodef-e-inner\">\n\t\t<div class=\"qodef-e-heading\">\n\t\t\t<h3 class=\"qodef-e-heading-title\">\n\t\t\t\tAtom\t\t\t<\/h3>\n\t\t\t<div class=\"qodef-e-heading-line\"><\/div>\n\t\t\t\t\t\t\t<h3 class=\"qodef-e-heading-price\">320 TL<\/h3>\n\t\t\t\t\t<\/div>\n\n\t\t\t\t\t<p class=\"qodef-e-description\">\n\t\t\t\tYoghurt with chili peppers \t\t\t<\/p>\n\t\t\t<\/div>\n<\/div>\n<div class=\"qodef-e qodef-grid-item \">\n\t<div class=\"qodef-e-inner\">\n\t\t<div class=\"qodef-e-heading\">\n\t\t\t<h3 class=\"qodef-e-heading-title\">\n\t\t\t\tBabaganu\u015f\t\t\t<\/h3>\n\t\t\t<div class=\"qodef-e-heading-line\"><\/div>\n\t\t\t\t\t\t\t<h3 class=\"qodef-e-heading-price\"> 290 TL<\/h3>\n\t\t\t\t\t<\/div>\n\n\t\t\t\t\t<p class=\"qodef-e-description\">\n\t\t\t\tBabaganoush\t\t\t<\/p>\n\t\t\t<\/div>\n<\/div>\n<div class=\"qodef-e qodef-grid-item \">\n\t<div class=\"qodef-e-inner\">\n\t\t<div class=\"qodef-e-heading\">\n\t\t\t<h3 class=\"qodef-e-heading-title\">\n\t\t\t\tBeyaz Peynir (adet)\t\t\t<\/h3>\n\t\t\t<div class=\"qodef-e-heading-line\"><\/div>\n\t\t\t\t\t\t\t<h3 class=\"qodef-e-heading-price\">140 TL<\/h3>\n\t\t\t\t\t<\/div>\n\n\t\t\t\t\t<p class=\"qodef-e-description\">\n\t\t\t\tFeta cheese (pcs)\t\t\t<\/p>\n\t\t\t<\/div>\n<\/div>\n\t<\/div>\n<\/div>\n\t\t\t\t<\/div>\n\t\t\t\t<\/div>\n\t\t\t\t\t<\/div>\n\t\t<\/div>\n\t\t\t\t<div class=\"elementor-column elementor-col-50 elementor-inner-column elementor-element elementor-element-8e8aa07\" data-id=\"8e8aa07\" data-element_type=\"column\">\n\t\t\t<div class=\"elementor-widget-wrap elementor-element-populated\">\n\t\t\t\t\t\t<div class=\"elementor-element elementor-element-6af7b12 elementor-widget elementor-widget-thalassa_core_restaurant_menu_list\" data-id=\"6af7b12\" data-element_type=\"widget\" data-widget_type=\"thalassa_core_restaurant_menu_list.default\">\n\t\t\t\t<div class=\"elementor-widget-container\">\n\t\t\t\t\t<div class=\"qodef-shortcode qodef-m  qodef-restaurant-menu-list qodef-grid qodef-layout--columns  qodef-gutter--normal qodef-col-num--1 qodef-item-layout--info-standard qodef-responsive--predefined\">\n\t<div class=\"qodef-grid-inner clear\">\n\t\t<div class=\"qodef-e qodef-grid-item \">\n\t<div class=\"qodef-e-inner\">\n\t\t<div class=\"qodef-e-heading\">\n\t\t\t<h3 class=\"qodef-e-heading-title\">\n\t\t\t\tMidye Dolma\t\t\t<\/h3>\n\t\t\t<div class=\"qodef-e-heading-line\"><\/div>\n\t\t\t\t\t\t\t<h3 class=\"qodef-e-heading-price\">320 TL<\/h3>\n\t\t\t\t\t<\/div>\n\n\t\t\t\t\t<p class=\"qodef-e-description\">\n\t\t\t\tStuffed Mussels with Rice\t\t\t<\/p>\n\t\t\t<\/div>\n<\/div>\n<div class=\"qodef-e qodef-grid-item \">\n\t<div class=\"qodef-e-inner\">\n\t\t<div class=\"qodef-e-heading\">\n\t\t\t<h3 class=\"qodef-e-heading-title\">\n\t\t\t\tMidyeli Lahana Sarma (adet)\t\t\t<\/h3>\n\t\t\t<div class=\"qodef-e-heading-line\"><\/div>\n\t\t\t\t\t\t\t<h3 class=\"qodef-e-heading-price\">140 TL<\/h3>\n\t\t\t\t\t<\/div>\n\n\t\t\t\t\t<p class=\"qodef-e-description\">\n\t\t\t\tStuffed Cabbage with Mussels &quot;piece&quot;\t\t\t<\/p>\n\t\t\t<\/div>\n<\/div>\n<div class=\"qodef-e qodef-grid-item \">\n\t<div class=\"qodef-e-inner\">\n\t\t<div class=\"qodef-e-heading\">\n\t\t\t<h3 class=\"qodef-e-heading-title\">\n\t\t\t\tFesle\u011fenli Levrek Marine\t\t\t<\/h3>\n\t\t\t<div class=\"qodef-e-heading-line\"><\/div>\n\t\t\t\t\t\t\t<h3 class=\"qodef-e-heading-price\">440 TL<\/h3>\n\t\t\t\t\t<\/div>\n\n\t\t\t\t\t<p class=\"qodef-e-description\">\n\t\t\t\tMarinated Seabass with Basil\t\t\t<\/p>\n\t\t\t<\/div>\n<\/div>\n<div class=\"qodef-e qodef-grid-item \">\n\t<div class=\"qodef-e-inner\">\n\t\t<div class=\"qodef-e-heading\">\n\t\t\t<h3 class=\"qodef-e-heading-title\">\n\t\t\t\tUskumru F\u00fcme\t\t\t<\/h3>\n\t\t\t<div class=\"qodef-e-heading-line\"><\/div>\n\t\t\t\t\t\t\t<h3 class=\"qodef-e-heading-price\">390 TL<\/h3>\n\t\t\t\t\t<\/div>\n\n\t\t\t\t\t<p class=\"qodef-e-description\">\n\t\t\t\tSmoked Mackarel\t\t\t<\/p>\n\t\t\t<\/div>\n<\/div>\n<div class=\"qodef-e qodef-grid-item \">\n\t<div class=\"qodef-e-inner\">\n\t\t<div class=\"qodef-e-heading\">\n\t\t\t<h3 class=\"qodef-e-heading-title\">\n\t\t\t\tAkya Past\u0131rma\t\t\t<\/h3>\n\t\t\t<div class=\"qodef-e-heading-line\"><\/div>\n\t\t\t\t\t\t\t<h3 class=\"qodef-e-heading-price\">390 TL<\/h3>\n\t\t\t\t\t<\/div>\n\n\t\t\t\t\t<p class=\"qodef-e-description\">\n\t\t\t\tFish Pastrami from Amberjack\t\t\t<\/p>\n\t\t\t<\/div>\n<\/div>\n\t<\/div>\n<\/div>\n\t\t\t\t<\/div>\n\t\t\t\t<\/div>\n\t\t\t\t\t<\/div>\n\t\t<\/div>\n\t\t\t\t\t<\/div>\n\t\t<\/section>\n\t\t\t\t\t<\/div>\n\t\t<\/div>\n\t\t\t\t\t<\/div>\n\t\t<\/section>\n\t\t\t\t<section class=\"elementor-section elementor-top-section elementor-element elementor-element-036d4e1 elementor-section-full_width elementor-section-height-min-height elementor-section-height-default elementor-section-items-middle qodef-elementor-content-no\" data-id=\"036d4e1\" data-element_type=\"section\" data-settings=\"{&quot;background_background&quot;:&quot;classic&quot;}\">\n\t\t\t\t\t\t<div class=\"elementor-container elementor-column-gap-default\">\n\t\t\t\t\t<div class=\"elementor-column elementor-col-100 elementor-top-column elementor-element elementor-element-9bbd680\" data-id=\"9bbd680\" data-element_type=\"column\">\n\t\t\t<div class=\"elementor-widget-wrap\">\n\t\t\t\t\t\t\t<\/div>\n\t\t<\/div>\n\t\t\t\t\t<\/div>\n\t\t<\/section>\n\t\t\t\t<section class=\"elementor-section elementor-top-section elementor-element elementor-element-4ce9a6e elementor-section-full_width qodef-elementor-content-grid elementor-section-height-default elementor-section-height-default\" data-id=\"4ce9a6e\" data-element_type=\"section\" data-settings=\"{&quot;background_background&quot;:&quot;classic&quot;}\">\n\t\t\t\t\t\t<div class=\"elementor-container elementor-column-gap-default\">\n\t\t\t\t\t<div class=\"elementor-column elementor-col-100 elementor-top-column elementor-element elementor-element-2089469\" data-id=\"2089469\" data-element_type=\"column\">\n\t\t\t<div class=\"elementor-widget-wrap elementor-element-populated\">\n\t\t\t\t\t\t<div class=\"elementor-element elementor-element-1a2f06e elementor-widget elementor-widget-thalassa_core_section_title\" data-id=\"1a2f06e\" data-element_type=\"widget\" data-widget_type=\"thalassa_core_section_title.default\">\n\t\t\t\t<div class=\"elementor-widget-container\">\n\t\t\t\t\t<div class=\"qodef-shortcode qodef-m  qodef-section-title qodef-alignment--center \">\n\t\t<h2 class=\"qodef-m-title\" >\n\t\t\t\t\tDEN\u0130Z \u00dcR\u00dcNL\u00dc SO\u011eUK MEZELER\t\t\t<\/h2>\n\t\t<span class=\"qodef-m-text\" style=\"margin-top: 0px\">\n\t\tE\u015flik\u00e7iler\t<\/span>\n<\/div>\n\t\t\t\t<\/div>\n\t\t\t\t<\/div>\n\t\t\t\t<section class=\"elementor-section elementor-inner-section elementor-element elementor-element-7110e89 elementor-section-full_width elementor-section-height-default elementor-section-height-default qodef-elementor-content-no\" data-id=\"7110e89\" data-element_type=\"section\">\n\t\t\t\t\t\t<div class=\"elementor-container elementor-column-gap-default\">\n\t\t\t\t\t<div class=\"elementor-column elementor-col-50 elementor-inner-column elementor-element elementor-element-98481de\" data-id=\"98481de\" data-element_type=\"column\">\n\t\t\t<div class=\"elementor-widget-wrap elementor-element-populated\">\n\t\t\t\t\t\t<div class=\"elementor-element elementor-element-660c4f1 elementor-widget elementor-widget-thalassa_core_restaurant_menu_list\" data-id=\"660c4f1\" data-element_type=\"widget\" data-widget_type=\"thalassa_core_restaurant_menu_list.default\">\n\t\t\t\t<div class=\"elementor-widget-container\">\n\t\t\t\t\t<div class=\"qodef-shortcode qodef-m  qodef-restaurant-menu-list qodef-grid qodef-layout--columns  qodef-gutter--normal qodef-col-num--1 qodef-item-layout--info-standard qodef-responsive--predefined\">\n\t<div class=\"qodef-grid-inner clear\">\n\t\t<div class=\"qodef-e qodef-grid-item \">\n\t<div class=\"qodef-e-inner\">\n\t\t<div class=\"qodef-e-heading\">\n\t\t\t<h3 class=\"qodef-e-heading-title\">\n\t\t\t\tBiber Tarator\t\t\t<\/h3>\n\t\t\t<div class=\"qodef-e-heading-line\"><\/div>\n\t\t\t\t\t\t\t<h3 class=\"qodef-e-heading-price\">290 TL<\/h3>\n\t\t\t\t\t<\/div>\n\n\t\t\t\t\t<p class=\"qodef-e-description\">\n\t\t\t\tChili peppers with tomato sauce\t\t\t<\/p>\n\t\t\t<\/div>\n<\/div>\n<div class=\"qodef-e qodef-grid-item \">\n\t<div class=\"qodef-e-inner\">\n\t\t<div class=\"qodef-e-heading\">\n\t\t\t<h3 class=\"qodef-e-heading-title\">\n\t\t\t\tAc\u0131l\u0131 Antep Ezme\t\t\t<\/h3>\n\t\t\t<div class=\"qodef-e-heading-line\"><\/div>\n\t\t\t\t\t\t\t<h3 class=\"qodef-e-heading-price\">280 TL<\/h3>\n\t\t\t\t\t<\/div>\n\n\t\t\t\t\t<p class=\"qodef-e-description\">\n\t\t\t\tSpicy salad \t\t\t<\/p>\n\t\t\t<\/div>\n<\/div>\n<div class=\"qodef-e qodef-grid-item \">\n\t<div class=\"qodef-e-inner\">\n\t\t<div class=\"qodef-e-heading\">\n\t\t\t<h3 class=\"qodef-e-heading-title\">\n\t\t\t\tAtom\t\t\t<\/h3>\n\t\t\t<div class=\"qodef-e-heading-line\"><\/div>\n\t\t\t\t\t\t\t<h3 class=\"qodef-e-heading-price\">320 TL<\/h3>\n\t\t\t\t\t<\/div>\n\n\t\t\t\t\t<p class=\"qodef-e-description\">\n\t\t\t\tYoghurt with chili peppers \t\t\t<\/p>\n\t\t\t<\/div>\n<\/div>\n<div class=\"qodef-e qodef-grid-item \">\n\t<div class=\"qodef-e-inner\">\n\t\t<div class=\"qodef-e-heading\">\n\t\t\t<h3 class=\"qodef-e-heading-title\">\n\t\t\t\tBabaganu\u015f\t\t\t<\/h3>\n\t\t\t<div class=\"qodef-e-heading-line\"><\/div>\n\t\t\t\t\t\t\t<h3 class=\"qodef-e-heading-price\"> 290 TL<\/h3>\n\t\t\t\t\t<\/div>\n\n\t\t\t\t\t<p class=\"qodef-e-description\">\n\t\t\t\tBabaganoush\t\t\t<\/p>\n\t\t\t<\/div>\n<\/div>\n<div class=\"qodef-e qodef-grid-item \">\n\t<div class=\"qodef-e-inner\">\n\t\t<div class=\"qodef-e-heading\">\n\t\t\t<h3 class=\"qodef-e-heading-title\">\n\t\t\t\tBeyaz Peynir (adet)\t\t\t<\/h3>\n\t\t\t<div class=\"qodef-e-heading-line\"><\/div>\n\t\t\t\t\t\t\t<h3 class=\"qodef-e-heading-price\">140 TL<\/h3>\n\t\t\t\t\t<\/div>\n\n\t\t\t\t\t<p class=\"qodef-e-description\">\n\t\t\t\tFeta cheese (pcs)\t\t\t<\/p>\n\t\t\t<\/div>\n<\/div>\n\t<\/div>\n<\/div>\n\t\t\t\t<\/div>\n\t\t\t\t<\/div>\n\t\t\t\t\t<\/div>\n\t\t<\/div>\n\t\t\t\t<div class=\"elementor-column elementor-col-50 elementor-inner-column elementor-element elementor-element-e9dd9c2\" data-id=\"e9dd9c2\" data-element_type=\"column\">\n\t\t\t<div class=\"elementor-widget-wrap elementor-element-populated\">\n\t\t\t\t\t\t<div class=\"elementor-element elementor-element-dc80e0a elementor-widget elementor-widget-thalassa_core_restaurant_menu_list\" data-id=\"dc80e0a\" data-element_type=\"widget\" data-widget_type=\"thalassa_core_restaurant_menu_list.default\">\n\t\t\t\t<div class=\"elementor-widget-container\">\n\t\t\t\t\t<div class=\"qodef-shortcode qodef-m  qodef-restaurant-menu-list qodef-grid qodef-layout--columns  qodef-gutter--normal qodef-col-num--1 qodef-item-layout--info-standard qodef-responsive--predefined\">\n\t<div class=\"qodef-grid-inner clear\">\n\t\t<div class=\"qodef-e qodef-grid-item \">\n\t<div class=\"qodef-e-inner\">\n\t\t<div class=\"qodef-e-heading\">\n\t\t\t<h3 class=\"qodef-e-heading-title\">\n\t\t\t\tMidye Dolma\t\t\t<\/h3>\n\t\t\t<div class=\"qodef-e-heading-line\"><\/div>\n\t\t\t\t\t\t\t<h3 class=\"qodef-e-heading-price\">320 TL<\/h3>\n\t\t\t\t\t<\/div>\n\n\t\t\t\t\t<p class=\"qodef-e-description\">\n\t\t\t\tStuffed Mussels with Rice\t\t\t<\/p>\n\t\t\t<\/div>\n<\/div>\n<div class=\"qodef-e qodef-grid-item \">\n\t<div class=\"qodef-e-inner\">\n\t\t<div class=\"qodef-e-heading\">\n\t\t\t<h3 class=\"qodef-e-heading-title\">\n\t\t\t\tMidyeli Lahana Sarma (adet)\t\t\t<\/h3>\n\t\t\t<div class=\"qodef-e-heading-line\"><\/div>\n\t\t\t\t\t\t\t<h3 class=\"qodef-e-heading-price\">140 TL<\/h3>\n\t\t\t\t\t<\/div>\n\n\t\t\t\t\t<p class=\"qodef-e-description\">\n\t\t\t\tStuffed Cabbage with Mussels &quot;piece&quot;\t\t\t<\/p>\n\t\t\t<\/div>\n<\/div>\n<div class=\"qodef-e qodef-grid-item \">\n\t<div class=\"qodef-e-inner\">\n\t\t<div class=\"qodef-e-heading\">\n\t\t\t<h3 class=\"qodef-e-heading-title\">\n\t\t\t\tFesle\u011fenli Levrek Marine\t\t\t<\/h3>\n\t\t\t<div class=\"qodef-e-heading-line\"><\/div>\n\t\t\t\t\t\t\t<h3 class=\"qodef-e-heading-price\">440 TL<\/h3>\n\t\t\t\t\t<\/div>\n\n\t\t\t\t\t<p class=\"qodef-e-description\">\n\t\t\t\tMarinated Seabass with Basil\t\t\t<\/p>\n\t\t\t<\/div>\n<\/div>\n<div class=\"qodef-e qodef-grid-item \">\n\t<div class=\"qodef-e-inner\">\n\t\t<div class=\"qodef-e-heading\">\n\t\t\t<h3 class=\"qodef-e-heading-title\">\n\t\t\t\tUskumru F\u00fcme\t\t\t<\/h3>\n\t\t\t<div class=\"qodef-e-heading-line\"><\/div>\n\t\t\t\t\t\t\t<h3 class=\"qodef-e-heading-price\">390 TL<\/h3>\n\t\t\t\t\t<\/div>\n\n\t\t\t\t\t<p class=\"qodef-e-description\">\n\t\t\t\tSmoked Mackarel\t\t\t<\/p>\n\t\t\t<\/div>\n<\/div>\n<div class=\"qodef-e qodef-grid-item \">\n\t<div class=\"qodef-e-inner\">\n\t\t<div class=\"qodef-e-heading\">\n\t\t\t<h3 class=\"qodef-e-heading-title\">\n\t\t\t\tAkya Past\u0131rma\t\t\t<\/h3>\n\t\t\t<div class=\"qodef-e-heading-line\"><\/div>\n\t\t\t\t\t\t\t<h3 class=\"qodef-e-heading-price\">390 TL<\/h3>\n\t\t\t\t\t<\/div>\n\n\t\t\t\t\t<p class=\"qodef-e-description\">\n\t\t\t\tFish Pastrami from Amberjack\t\t\t<\/p>\n\t\t\t<\/div>\n<\/div>\n\t<\/div>\n<\/div>\n\t\t\t\t<\/div>\n\t\t\t\t<\/div>\n\t\t\t\t\t<\/div>\n\t\t<\/div>\n\t\t\t\t\t<\/div>\n\t\t<\/section>\n\t\t\t\t\t<\/div>\n\t\t<\/div>\n\t\t\t\t\t<\/div>\n\t\t<\/section>\n\t\t\t\t<\/div>\n\t\t","protected":false},"excerpt":{"rendered":"<p>Hilmi Klasikleri Sizin vazge\u00e7ilmeziniz hangileri? Soslu Ac\u0131 Biber 260 TL chili peppers with tomato sauce Ac\u0131l\u0131 Antep Ezme 280 TL spicy salad Atom 300 TL yoghurt with chili peppers Babaganu\u015f 290 TL babaganoush \u00c7iroz 380 TL dried smoked mackarel Midyeli Lahana Sarma &#8220;adet&#8221; 140 TL Stuffed Cabbage with Mussels &quot;piece&quot; Fesle\u011fenli Levrek Marine 420 TL [&hellip;]<\/p>\n","protected":false},"author":1,"featured_media":0,"parent":0,"menu_order":0,"comment_status":"closed","ping_status":"closed","template":"page-full-width.php","meta":{"footnotes":""},"class_list":["post-2128","page","type-page","status-publish","hentry"],"_links":{"self":[{"href":"https:\/\/www.hilmi.com.tr\/index.php?rest_route=\/wp\/v2\/pages\/2128","targetHints":{"allow":["GET"]}}],"collection":[{"href":"https:\/\/www.hilmi.com.tr\/index.php?rest_route=\/wp\/v2\/pages"}],"about":[{"href":"https:\/\/www.hilmi.com.tr\/index.php?rest_route=\/wp\/v2\/types\/page"}],"author":[{"embeddable":true,"href":"https:\/\/www.hilmi.com.tr\/index.php?rest_route=\/wp\/v2\/users\/1"}],"replies":[{"embeddable":true,"href":"https:\/\/www.hilmi.com.tr\/index.php?rest_route=%2Fwp%2Fv2%2Fcomments&post=2128"}],"version-history":[{"count":12,"href":"https:\/\/www.hilmi.com.tr\/index.php?rest_route=\/wp\/v2\/pages\/2128\/revisions"}],"predecessor-version":[{"id":9434,"href":"https:\/\/www.hilmi.com.tr\/index.php?rest_route=\/wp\/v2\/pages\/2128\/revisions\/9434"}],"wp:attachment":[{"href":"https:\/\/www.hilmi.com.tr\/index.php?rest_route=%2Fwp%2Fv2%2Fmedia&parent=2128"}],"curies":[{"name":"wp","href":"https:\/\/api.w.org\/{rel}","templated":true}]}}